{"id":245,"date":"2011-09-25T13:41:01","date_gmt":"2011-09-25T13:41:01","guid":{"rendered":"http:\/\/hastskoteatern.se\/test\/?page_id=245"},"modified":"2025-01-31T14:51:38","modified_gmt":"2025-01-31T14:51:38","slug":"tjopp-och-hennes-vanner","status":"publish","type":"page","link":"https:\/\/hastskoteatern.se\/?page_id=245","title":{"rendered":"&#8221;Tjopp och hennes v\u00e4nner&#8221;"},"content":{"rendered":"<p><img decoding=\"async\" loading=\"lazy\" class=\"alignleft size-full wp-image-350\" title=\"hastsko2-150x150\" src=\"http:\/\/hastskoteatern.se\/test\/wp-content\/uploads\/2011\/09\/hastsko2-150x1505.gif\" alt=\"\" width=\"150\" height=\"150\" \/><\/p>\n<p><strong><em>Musikteater f\u00f6r 1-2 \u00e5ringar och 3-6 \u00e5ringar<\/em><\/strong><\/p>\n<p><a href=\"http:\/\/hastskoteatern.se\/?attachment_id=356\" rel=\"attachment wp-att-356\"><img decoding=\"async\" loading=\"lazy\" class=\"alignleft size-medium wp-image-356\" title=\"Liten Tjopp\" src=\"http:\/\/hastskoteatern.se\/wp-content\/uploads\/2011\/09\/Liten-Tjopp3-300x225.jpg\" alt=\"\" width=\"300\" height=\"225\" srcset=\"https:\/\/hastskoteatern.se\/wp-content\/uploads\/2011\/09\/Liten-Tjopp3-300x225.jpg 300w, https:\/\/hastskoteatern.se\/wp-content\/uploads\/2011\/09\/Liten-Tjopp3-400x300.jpg 400w, https:\/\/hastskoteatern.se\/wp-content\/uploads\/2011\/09\/Liten-Tjopp3.jpg 512w\" sizes=\"(max-width: 300px) 100vw, 300px\" \/><\/a><\/p>\n<p><strong>Med s\u00e5ng, musik och ber\u00e4ttande f\u00e5r vi m\u00f6ta den lilla sameflickan Tjopp som den h\u00e4r dagen fyller \u00e5r. hon f\u00e5r en fin present som hon vill visa sina v\u00e4nner bland djuren.<\/strong><\/p>\n<p><a href=\"http:\/\/hastskoteatern.se\/?attachment_id=361\" rel=\"attachment wp-att-361\"><img decoding=\"async\" loading=\"lazy\" class=\"alignright size-medium wp-image-361\" title=\"Gr\u00f6n flagg Vt 096 liten\" src=\"http:\/\/hastskoteatern.se\/wp-content\/uploads\/2011\/09\/Gr\u00f6n-flagg-Vt-096-liten-300x225.jpg\" alt=\"\" width=\"300\" height=\"225\" srcset=\"https:\/\/hastskoteatern.se\/wp-content\/uploads\/2011\/09\/Gr\u00f6n-flagg-Vt-096-liten-300x225.jpg 300w, https:\/\/hastskoteatern.se\/wp-content\/uploads\/2011\/09\/Gr\u00f6n-flagg-Vt-096-liten-400x300.jpg 400w, https:\/\/hastskoteatern.se\/wp-content\/uploads\/2011\/09\/Gr\u00f6n-flagg-Vt-096-liten.jpg 512w\" sizes=\"(max-width: 300px) 100vw, 300px\" \/><\/a><\/p>\n<p><strong>Scenbilden vid f\u00f6rest\u00e4llningens b\u00f6rjan. Scenografin \u00e4r uppbyggd utifr\u00e5n \u00f6verraskningsmoment. Vad d\u00f6ljer sig under tygerna?<\/strong><\/p>\n<p><a href=\"http:\/\/hastskoteatern.se\/?attachment_id=363\" rel=\"attachment wp-att-363\"><img decoding=\"async\" loading=\"lazy\" class=\"aligncenter size-full wp-image-363\" title=\"Gr\u00f6n flagg Vt 100\" src=\"http:\/\/hastskoteatern.se\/wp-content\/uploads\/2011\/09\/Gr\u00f6n-flagg-Vt-100.jpg\" alt=\"\" width=\"2048\" height=\"1536\" srcset=\"https:\/\/hastskoteatern.se\/wp-content\/uploads\/2011\/09\/Gr\u00f6n-flagg-Vt-100.jpg 2048w, https:\/\/hastskoteatern.se\/wp-content\/uploads\/2011\/09\/Gr\u00f6n-flagg-Vt-100-300x225.jpg 300w, https:\/\/hastskoteatern.se\/wp-content\/uploads\/2011\/09\/Gr\u00f6n-flagg-Vt-100-1024x768.jpg 1024w, https:\/\/hastskoteatern.se\/wp-content\/uploads\/2011\/09\/Gr\u00f6n-flagg-Vt-100-400x300.jpg 400w\" sizes=\"(max-width: 2048px) 100vw, 2048px\" \/><\/a><\/p>\n<p><a href=\"http:\/\/hastskoteatern.se\/?attachment_id=379\" rel=\"attachment wp-att-379\"><img decoding=\"async\" loading=\"lazy\" class=\"size-medium wp-image-379 alignright\" title=\"Gr\u00f6n flagg Vt 110 liten\" src=\"http:\/\/hastskoteatern.se\/wp-content\/uploads\/2011\/09\/Gr\u00f6n-flagg-Vt-110-liten1-300x225.jpg\" alt=\"\" width=\"300\" height=\"225\" srcset=\"https:\/\/hastskoteatern.se\/wp-content\/uploads\/2011\/09\/Gr\u00f6n-flagg-Vt-110-liten1-300x225.jpg 300w, https:\/\/hastskoteatern.se\/wp-content\/uploads\/2011\/09\/Gr\u00f6n-flagg-Vt-110-liten1-400x300.jpg 400w, https:\/\/hastskoteatern.se\/wp-content\/uploads\/2011\/09\/Gr\u00f6n-flagg-Vt-110-liten1.jpg 512w\" sizes=\"(max-width: 300px) 100vw, 300px\" \/><\/a><a href=\"http:\/\/hastskoteatern.se\/?attachment_id=372\" rel=\"attachment wp-att-372\"><img decoding=\"async\" loading=\"lazy\" class=\"size-medium wp-image-372 alignleft\" title=\"Gr\u00f6n flagg Vt 103 liten\" src=\"http:\/\/hastskoteatern.se\/wp-content\/uploads\/2011\/09\/Gr\u00f6n-flagg-Vt-103-liten1-300x225.jpg\" alt=\"\" width=\"300\" height=\"225\" srcset=\"https:\/\/hastskoteatern.se\/wp-content\/uploads\/2011\/09\/Gr\u00f6n-flagg-Vt-103-liten1-300x225.jpg 300w, https:\/\/hastskoteatern.se\/wp-content\/uploads\/2011\/09\/Gr\u00f6n-flagg-Vt-103-liten1-400x300.jpg 400w, https:\/\/hastskoteatern.se\/wp-content\/uploads\/2011\/09\/Gr\u00f6n-flagg-Vt-103-liten1.jpg 512w\" sizes=\"(max-width: 300px) 100vw, 300px\" \/><\/a><a href=\"http:\/\/hastskoteatern.se\/?attachment_id=376\" rel=\"attachment wp-att-376\"><img decoding=\"async\" loading=\"lazy\" class=\"size-medium wp-image-376 alignright\" title=\"Gr\u00f6n flagg Vt 106 liten\" src=\"http:\/\/hastskoteatern.se\/wp-content\/uploads\/2011\/09\/Gr\u00f6n-flagg-Vt-106-liten-300x225.jpg\" alt=\"\" width=\"300\" height=\"225\" srcset=\"https:\/\/hastskoteatern.se\/wp-content\/uploads\/2011\/09\/Gr\u00f6n-flagg-Vt-106-liten-300x225.jpg 300w, https:\/\/hastskoteatern.se\/wp-content\/uploads\/2011\/09\/Gr\u00f6n-flagg-Vt-106-liten-400x300.jpg 400w, https:\/\/hastskoteatern.se\/wp-content\/uploads\/2011\/09\/Gr\u00f6n-flagg-Vt-106-liten.jpg 512w\" sizes=\"(max-width: 300px) 100vw, 300px\" \/><\/a><a href=\"http:\/\/hastskoteatern.se\/?attachment_id=381\" rel=\"attachment wp-att-381\"><img decoding=\"async\" loading=\"lazy\" class=\"size-medium wp-image-381 alignleft\" title=\"Gr\u00f6n flagg Vt 112\" src=\"http:\/\/hastskoteatern.se\/wp-content\/uploads\/2011\/09\/Gr\u00f6n-flagg-Vt-112-300x225.jpg\" alt=\"\" width=\"300\" height=\"225\" srcset=\"https:\/\/hastskoteatern.se\/wp-content\/uploads\/2011\/09\/Gr\u00f6n-flagg-Vt-112-300x225.jpg 300w, https:\/\/hastskoteatern.se\/wp-content\/uploads\/2011\/09\/Gr\u00f6n-flagg-Vt-112-1024x768.jpg 1024w, https:\/\/hastskoteatern.se\/wp-content\/uploads\/2011\/09\/Gr\u00f6n-flagg-Vt-112-400x300.jpg 400w, https:\/\/hastskoteatern.se\/wp-content\/uploads\/2011\/09\/Gr\u00f6n-flagg-Vt-112.jpg 2048w\" sizes=\"(max-width: 300px) 100vw, 300px\" \/><\/a><\/p>\n<p><img decoding=\"async\" loading=\"lazy\" class=\"size-medium wp-image-382 alignright\" title=\"Gr\u00f6n flagg Vt 114\" src=\"http:\/\/hastskoteatern.se\/wp-content\/uploads\/2011\/09\/Gr\u00f6n-flagg-Vt-114-300x225.jpg\" alt=\"\" width=\"300\" height=\"225\" srcset=\"https:\/\/hastskoteatern.se\/wp-content\/uploads\/2011\/09\/Gr\u00f6n-flagg-Vt-114-300x225.jpg 300w, https:\/\/hastskoteatern.se\/wp-content\/uploads\/2011\/09\/Gr\u00f6n-flagg-Vt-114-1024x768.jpg 1024w, https:\/\/hastskoteatern.se\/wp-content\/uploads\/2011\/09\/Gr\u00f6n-flagg-Vt-114-400x300.jpg 400w, https:\/\/hastskoteatern.se\/wp-content\/uploads\/2011\/09\/Gr\u00f6n-flagg-Vt-114.jpg 2048w\" sizes=\"(max-width: 300px) 100vw, 300px\" \/><a href=\"http:\/\/hastskoteatern.se\/?attachment_id=368\" rel=\"attachment wp-att-368\"><img decoding=\"async\" loading=\"lazy\" class=\"size-medium wp-image-368 alignleft\" title=\"Gr\u00f6n flagg Vt 102\" src=\"http:\/\/hastskoteatern.se\/wp-content\/uploads\/2011\/09\/Gr\u00f6n-flagg-Vt-102-300x225.jpg\" alt=\"\" width=\"300\" height=\"225\" srcset=\"https:\/\/hastskoteatern.se\/wp-content\/uploads\/2011\/09\/Gr\u00f6n-flagg-Vt-102-300x225.jpg 300w, https:\/\/hastskoteatern.se\/wp-content\/uploads\/2011\/09\/Gr\u00f6n-flagg-Vt-102-1024x768.jpg 1024w, https:\/\/hastskoteatern.se\/wp-content\/uploads\/2011\/09\/Gr\u00f6n-flagg-Vt-102-400x300.jpg 400w, https:\/\/hastskoteatern.se\/wp-content\/uploads\/2011\/09\/Gr\u00f6n-flagg-Vt-102.jpg 2048w\" sizes=\"(max-width: 300px) 100vw, 300px\" \/><\/a><a href=\"http:\/\/hastskoteatern.se\/?attachment_id=375\" rel=\"attachment wp-att-375\"><img decoding=\"async\" loading=\"lazy\" class=\"size-medium wp-image-375 alignright\" title=\"Gr\u00f6n flagg Vt 105 liten\" src=\"http:\/\/hastskoteatern.se\/wp-content\/uploads\/2011\/09\/Gr\u00f6n-flagg-Vt-105-liten-300x225.jpg\" alt=\"\" width=\"300\" height=\"225\" srcset=\"https:\/\/hastskoteatern.se\/wp-content\/uploads\/2011\/09\/Gr\u00f6n-flagg-Vt-105-liten-300x225.jpg 300w, https:\/\/hastskoteatern.se\/wp-content\/uploads\/2011\/09\/Gr\u00f6n-flagg-Vt-105-liten-400x300.jpg 400w, https:\/\/hastskoteatern.se\/wp-content\/uploads\/2011\/09\/Gr\u00f6n-flagg-Vt-105-liten.jpg 512w\" sizes=\"(max-width: 300px) 100vw, 300px\" \/><\/a><\/p>\n<h1 style=\"text-align: justify;\"><a href=\"http:\/\/hastskoteatern.se\/?attachment_id=380\" rel=\"attachment wp-att-380\"><img decoding=\"async\" loading=\"lazy\" title=\"Gr\u00f6n flagg Vt 111 liten\" src=\"http:\/\/hastskoteatern.se\/wp-content\/uploads\/2011\/09\/Gr\u00f6n-flagg-Vt-111-liten-300x225.jpg\" alt=\"\" width=\"300\" height=\"225\" \/><\/a><a href=\"http:\/\/hastskoteatern.se\/?attachment_id=384\" rel=\"attachment wp-att-384\"><img decoding=\"async\" loading=\"lazy\" class=\"alignright size-medium wp-image-384\" title=\"Gr\u00f6n flagg Vt 120\" src=\"http:\/\/hastskoteatern.se\/wp-content\/uploads\/2011\/09\/Gr\u00f6n-flagg-Vt-120-300x225.jpg\" alt=\"\" width=\"300\" height=\"225\" srcset=\"https:\/\/hastskoteatern.se\/wp-content\/uploads\/2011\/09\/Gr\u00f6n-flagg-Vt-120-300x225.jpg 300w, https:\/\/hastskoteatern.se\/wp-content\/uploads\/2011\/09\/Gr\u00f6n-flagg-Vt-120-1024x768.jpg 1024w, https:\/\/hastskoteatern.se\/wp-content\/uploads\/2011\/09\/Gr\u00f6n-flagg-Vt-120-400x300.jpg 400w\" sizes=\"(max-width: 300px) 100vw, 300px\" \/><\/a><\/h1>\n<p style=\"text-align: justify;\"><strong>De sm\u00e5 i publiken blir \u00e4ven de delaktiga i f\u00f6rest\u00e4llningen genom s\u00e5ng och n\u00e4rkontakt med Tjopp <\/strong><strong>och djuren.<\/strong><\/p>\n<p style=\"text-align: justify;\"><a href=\"http:\/\/hastskoteatern.se\/?attachment_id=388\" rel=\"attachment wp-att-388\"><img decoding=\"async\" loading=\"lazy\" class=\"alignleft size-medium wp-image-388\" title=\"Gr\u00f6n flagg Vt 131\" src=\"http:\/\/hastskoteatern.se\/wp-content\/uploads\/2011\/09\/Gr\u00f6n-flagg-Vt-131-300x225.jpg\" alt=\"\" width=\"300\" height=\"225\" srcset=\"https:\/\/hastskoteatern.se\/wp-content\/uploads\/2011\/09\/Gr\u00f6n-flagg-Vt-131-300x225.jpg 300w, https:\/\/hastskoteatern.se\/wp-content\/uploads\/2011\/09\/Gr\u00f6n-flagg-Vt-131-1024x768.jpg 1024w, https:\/\/hastskoteatern.se\/wp-content\/uploads\/2011\/09\/Gr\u00f6n-flagg-Vt-131-400x300.jpg 400w\" sizes=\"(max-width: 300px) 100vw, 300px\" \/><\/a><\/p>\n<p><a href=\"http:\/\/hastskoteatern.se\/?attachment_id=389\" rel=\"attachment wp-att-389\"><img decoding=\"async\" loading=\"lazy\" class=\"aligncenter size-full wp-image-389\" title=\"Gr\u00f6n flagg Vt 141\" src=\"http:\/\/hastskoteatern.se\/wp-content\/uploads\/2011\/09\/Gr\u00f6n-flagg-Vt-141.jpg\" alt=\"\" width=\"2592\" height=\"1944\" srcset=\"https:\/\/hastskoteatern.se\/wp-content\/uploads\/2011\/09\/Gr\u00f6n-flagg-Vt-141.jpg 2592w, https:\/\/hastskoteatern.se\/wp-content\/uploads\/2011\/09\/Gr\u00f6n-flagg-Vt-141-300x225.jpg 300w, https:\/\/hastskoteatern.se\/wp-content\/uploads\/2011\/09\/Gr\u00f6n-flagg-Vt-141-1024x768.jpg 1024w, https:\/\/hastskoteatern.se\/wp-content\/uploads\/2011\/09\/Gr\u00f6n-flagg-Vt-141-400x300.jpg 400w\" sizes=\"(max-width: 2592px) 100vw, 2592px\" \/><\/a><strong>Visorna i f\u00f6rest\u00e4llningen \u00e4r traditionella barnvisor h\u00e4mtade ur v\u00e5r svenska visskatt. Visor som v\u00e4cker igenk\u00e4nnandets gl\u00e4dje hos b\u00e5de barn och vuxna och som \u00e4ven ganska sm\u00e5 barn kan sjunga med i. Vi hoppas kunna bevara och f\u00f6ra v\u00e5r visskatt vidare till kommande generationer. Ett sp\u00e4nnande inslag f\u00f6r \u00e4ven de minsta \u00e4r att stifta bekantskap med den samiska trumman som avslutar v\u00e5r f\u00f6rest\u00e4llning.<\/strong><\/p>\n<p><strong><em>\u00a0\u00a0\u00a0\u00a0\u00a0\u00a0\u00a0\u00a0\u00a0\u00a0\u00a0 F\u00d6REST\u00c4LLNINGSFAKTA<\/em><\/strong><\/p>\n<ul>\n<li>Manus\/regi:\u00a0\u00a0\u00a0\u00a0\u00a0\u00a0\u00a0\u00a0\u00a0 H\u00e4stskoteatern<\/li>\n<li>M\u00e5lgrupp:\u00a0\u00a0\u00a0\u00a0\u00a0\u00a0\u00a0\u00a0\u00a0\u00a0\u00a0\u00a0 1-2 \u00e5ringar\u00a0och 3-6 \u00e5ringar<\/li>\n<li>Medverkande:\u00a0\u00a0\u00a0\u00a0\u00a0 2 personer<\/li>\n<li>Publik:\u00a0\u00a0\u00a0\u00a0\u00a0\u00a0\u00a0\u00a0\u00a0\u00a0\u00a0\u00a0\u00a0\u00a0\u00a0\u00a0\u00a0\u00a025 st 1-2 \u00e5ringar + vuxna\/f\u00f6rest\u00e4llning,<\/li>\n<li>\u00a0\u00a0\u00a0\u00a0\u00a0\u00a0\u00a0\u00a0\u00a0\u00a0\u00a0\u00a0\u00a0\u00a0\u00a0\u00a0\u00a0\u00a0\u00a0\u00a0\u00a0\u00a0\u00a0\u00a0\u00a0\u00a0\u00a0\u00a0 50 st 3-6 \u00e5ringar + vuxna\/f\u00f6rest\u00e4llning<\/li>\n<li>Speltid:\u00a0\u00a0\u00a0\u00a0\u00a0\u00a0\u00a0\u00a0\u00a0\u00a0\u00a0\u00a0\u00a0\u00a0\u00a0\u00a0 ca. 30 min.<\/li>\n<li>Spellokal:\u00a0\u00a0\u00a0\u00a0\u00a0\u00a0\u00a0\u00a0\u00a0\u00a0\u00a0\u00a0\u00a0 8 x 10 m<\/li>\n<li>Elkrav:\u00a0\u00a0\u00a0\u00a0\u00a0\u00a0\u00a0\u00a0\u00a0\u00a0\u00a0\u00a0\u00a0\u00a0\u00a0\u00a0\u00a0 tre fas 16 amp.<\/li>\n<li>Byggtid:\u00a0\u00a0\u00a0\u00a0\u00a0\u00a0\u00a0\u00a0\u00a0\u00a0\u00a0\u00a0\u00a0\u00a0\u00a0 3 timmar ( fr\u00e5n ankomst till f\u00f6rest\u00e4llning)<\/li>\n<li>Rivtid:\u00a0\u00a0\u00a0\u00a0\u00a0\u00a0\u00a0\u00a0\u00a0\u00a0\u00a0\u00a0\u00a0\u00a0\u00a0\u00a0\u00a0\u00a0\u00a01,5 tim<\/li>\n<li>M\u00f6rkl\u00e4ggning:\u00a0\u00a0\u00a0\u00a0\u00a0\u00a0 Ja, om m\u00f6jligt<\/li>\n<li>Kontakt:\u00a0\u00a0\u00a0\u00a0\u00a0\u00a0\u00a0\u00a0\u00a0\u00a0\u00a0\u00a0\u00a0\u00a0\u00a0 Roland\u00a0 070-6387668<\/li>\n<li>E-post:\u00a0\u00a0\u00a0\u00a0\u00a0\u00a0\u00a0\u00a0\u00a0\u00a0\u00a0\u00a0\u00a0\u00a0\u00a0\u00a0\u00a0\u00a0<a href=\"mailto:info@hastskoteatern.se\">info@hastskoteatern.se<\/a><\/li>\n<li>Gage:\u00a0 \u00a0 \u00a0 \u00a0 \u00a0 \u00a0 \u00a0 \u00a0 \u00a0 \u00a06400:- (logi, resa, traktamente ing\u00e5r)<\/li>\n<li>\u00a0\u00a0\u00a0\u00a0\u00a0\u00a0\u00a0\u00a0\u00a0\u00a0\u00a0\u00a0\u00a0\u00a0\u00a0\u00a0\u00a0\u00a0\u00a0\u00a0\u00a0\u00a0\u00a0\u00a0\u00a0\u00a0\u00a0\u00a0\u00a0vid fler f\u00f6rest\u00e4llningar, pris enligt \u00f6verenskommelse.<\/li>\n<\/ul>\n","protected":false},"excerpt":{"rendered":"<p>Musikteater f\u00f6r 1-2 \u00e5ringar och 3-6 \u00e5ringar Med s\u00e5ng, musik och ber\u00e4ttande f\u00e5r vi m\u00f6ta den lilla sameflickan Tjopp som den h\u00e4r dagen fyller \u00e5r. hon f\u00e5r en fin present som hon vill visa sina v\u00e4nner bland djuren. Scenbilden vid &hellip; <a href=\"https:\/\/hastskoteatern.se\/?page_id=245\">L\u00e4s mer <span class=\"meta-nav\">&rarr;<\/span><\/a><\/p>\n","protected":false},"author":1,"featured_media":0,"parent":2,"menu_order":0,"comment_status":"open","ping_status":"open","template":"","meta":[],"_links":{"self":[{"href":"https:\/\/hastskoteatern.se\/index.php?rest_route=\/wp\/v2\/pages\/245"}],"collection":[{"href":"https:\/\/hastskoteatern.se\/index.php?rest_route=\/wp\/v2\/pages"}],"about":[{"href":"https:\/\/hastskoteatern.se\/index.php?rest_route=\/wp\/v2\/types\/page"}],"author":[{"embeddable":true,"href":"https:\/\/hastskoteatern.se\/index.php?rest_route=\/wp\/v2\/users\/1"}],"replies":[{"embeddable":true,"href":"https:\/\/hastskoteatern.se\/index.php?rest_route=%2Fwp%2Fv2%2Fcomments&post=245"}],"version-history":[{"count":44,"href":"https:\/\/hastskoteatern.se\/index.php?rest_route=\/wp\/v2\/pages\/245\/revisions"}],"predecessor-version":[{"id":3287,"href":"https:\/\/hastskoteatern.se\/index.php?rest_route=\/wp\/v2\/pages\/245\/revisions\/3287"}],"up":[{"embeddable":true,"href":"https:\/\/hastskoteatern.se\/index.php?rest_route=\/wp\/v2\/pages\/2"}],"wp:attachment":[{"href":"https:\/\/hastskoteatern.se\/index.php?rest_route=%2Fwp%2Fv2%2Fmedia&parent=245"}],"curies":[{"name":"wp","href":"https:\/\/api.w.org\/{rel}","templated":true}]}}