{"id":722,"date":"2011-10-12T04:59:34","date_gmt":"2011-10-12T04:59:34","guid":{"rendered":"http:\/\/hastskoteatern.se\/test\/?page_id=722"},"modified":"2025-01-31T14:55:48","modified_gmt":"2025-01-31T14:55:48","slug":"forestallningskostnder","status":"publish","type":"page","link":"http:\/\/hastskoteatern.se\/?page_id=722","title":{"rendered":"F\u00f6rest\u00e4llningskostnader"},"content":{"rendered":"<p><a href=\"http:\/\/hastskoteatern.se\/?attachment_id=767\" rel=\"attachment wp-att-767\"><img decoding=\"async\" loading=\"lazy\" class=\"alignleft size-full wp-image-767\" title=\"hastsko2-150x150\" src=\"http:\/\/hastskoteatern.se\/wp-content\/uploads\/2011\/10\/hastsko2-150x1507.gif\" alt=\"\" width=\"150\" height=\"150\" \/><\/a><\/p>\n<p><strong><em>F\u00d6REST\u00c4LLNINGSKOSTNADER<\/em><\/strong><\/p>\n<p>Du betalar <strong>64<\/strong><strong>00<\/strong> kr \/ f\u00f6rest\u00e4llning.<\/p>\n<p>I priset ing\u00e5r f\u00f6rest\u00e4llning, resa, logi och traktamente.<\/p>\n<p>Vid fler f\u00f6rest\u00e4llningar, pris\u00a0enligt \u00f6verenskommelse.<\/p>\n","protected":false},"excerpt":{"rendered":"<p>F\u00d6REST\u00c4LLNINGSKOSTNADER Du betalar 6400 kr \/ f\u00f6rest\u00e4llning. I priset ing\u00e5r f\u00f6rest\u00e4llning, resa, logi och traktamente. Vid fler f\u00f6rest\u00e4llningar, pris\u00a0enligt \u00f6verenskommelse.<\/p>\n","protected":false},"author":1,"featured_media":0,"parent":461,"menu_order":0,"comment_status":"open","ping_status":"open","template":"","meta":[],"_links":{"self":[{"href":"http:\/\/hastskoteatern.se\/index.php?rest_route=\/wp\/v2\/pages\/722"}],"collection":[{"href":"http:\/\/hastskoteatern.se\/index.php?rest_route=\/wp\/v2\/pages"}],"about":[{"href":"http:\/\/hastskoteatern.se\/index.php?rest_route=\/wp\/v2\/types\/page"}],"author":[{"embeddable":true,"href":"http:\/\/hastskoteatern.se\/index.php?rest_route=\/wp\/v2\/users\/1"}],"replies":[{"embeddable":true,"href":"http:\/\/hastskoteatern.se\/index.php?rest_route=%2Fwp%2Fv2%2Fcomments&post=722"}],"version-history":[{"count":17,"href":"http:\/\/hastskoteatern.se\/index.php?rest_route=\/wp\/v2\/pages\/722\/revisions"}],"predecessor-version":[{"id":3291,"href":"http:\/\/hastskoteatern.se\/index.php?rest_route=\/wp\/v2\/pages\/722\/revisions\/3291"}],"up":[{"embeddable":true,"href":"http:\/\/hastskoteatern.se\/index.php?rest_route=\/wp\/v2\/pages\/461"}],"wp:attachment":[{"href":"http:\/\/hastskoteatern.se\/index.php?rest_route=%2Fwp%2Fv2%2Fmedia&parent=722"}],"curies":[{"name":"wp","href":"https:\/\/api.w.org\/{rel}","templated":true}]}}