{"id":262,"date":"2011-09-25T13:47:52","date_gmt":"2011-09-25T13:47:52","guid":{"rendered":"http:\/\/hastskoteatern.se\/test\/?page_id=262"},"modified":"2017-12-04T07:38:14","modified_gmt":"2017-12-04T07:38:14","slug":"recensioner","status":"publish","type":"page","link":"http:\/\/hastskoteatern.se\/?page_id=262","title":{"rendered":"Recensioner"},"content":{"rendered":"<p><a href=\"http:\/\/hastskoteatern.se\/test\/wp-content\/uploads\/2011\/09\/hastsko2-150x1507.gif\"><img decoding=\"async\" loading=\"lazy\" class=\"alignleft size-full wp-image-397\" title=\"hastsko2-150x150\" src=\"http:\/\/hastskoteatern.se\/test\/wp-content\/uploads\/2011\/09\/hastsko2-150x1507.gif\" alt=\"\" width=\"150\" height=\"150\" \/><\/a><\/p>\n<h1><strong><span style=\"color: #000000;\"><a style=\"color: #000000;\" href=\"http:\/\/sveg.se\/?s=h%C3%A4stskoteatern\">Reportage fr\u00e5n Biblioteket i Sveg<\/a>, 2017<\/span><\/strong><\/h1>\n<p>&nbsp;<\/p>\n<p><strong><em>TEATER I ULLBERGSTR\u00c4SK SKILDRADE NYBYGGE<\/em><\/strong><\/p>\n<p>En historisk och f\u00e4ngslande skildring av koloniseringen av Sveriges nordligaste del, gavs n\u00e4r sommarens n\u00e4st sista kulturafton h\u00f6lls i Ullbergstr\u00e4sk.\u00a0Teaterstycket &#8221;Nybyggarna Erik och Ester i lappskatteland&#8221; uppf\u00f6rdes av och med H\u00e4stskoteaterns Bitten Sj\u00f6str\u00f6m, Ormsj\u00f6 och Roland Blomqvist, Avatr\u00e4sk med teater i Dorotea.<\/p>\n<p>Med gr\u00e4smattan som utescen, mellan n\u00e5gra \u00e4ldre byggnader, sj\u00f6n och den fj\u00e4ll liknande J\u00e4rpkullen, fick pj\u00e4sen den perfekta inramningen. Nybyggarnas etablering, arbete, sv\u00e5righeter, livsgl\u00e4dje och lycka skildrades p\u00e5 ett f\u00e4ngslande s\u00e4tt, \u00e4ven p\u00e5 s\u00e5nger ackompanjerade p\u00e5 gitarr av Roland Blomqvist. allt utf\u00f6rt med stor scenvana, i mycket fint v\u00e4der och inf\u00f6r stor publik p\u00e5 hembygdsomr\u00e5det vid V\u00e4ckelsemuseet.<\/p>\n<p>Ullbergstr\u00e4sks Hembygdsf\u00f6rening vill med olika kulturaktiviteter skapa trivsel och h\u00e5lla byn och bygden levande.<a href=\"http:\/\/hastskoteatern.se\/test\/wp-content\/uploads\/2011\/09\/turne-011.jpg\"><img decoding=\"async\" loading=\"lazy\" class=\"alignright size-medium wp-image-730\" title=\"turne-011\" src=\"http:\/\/hastskoteatern.se\/test\/wp-content\/uploads\/2011\/09\/turne-011-230x300.jpg\" alt=\"\" width=\"230\" height=\"300\" srcset=\"http:\/\/hastskoteatern.se\/wp-content\/uploads\/2011\/09\/turne-011-230x300.jpg 230w, http:\/\/hastskoteatern.se\/wp-content\/uploads\/2011\/09\/turne-011.jpg 250w\" sizes=\"(max-width: 230px) 100vw, 230px\" \/><\/a><\/p>\n<p><em>Norra V\u00e4sterbotten\u00a0 Ture Lundstr\u00f6m<\/em><\/p>\n<p>&nbsp;<\/p>\n<p><em>Foto: Ture Lundstr\u00f6m<\/em><\/p>\n<p>Sk\u00e5despel. I teaterpj\u00e4sens skildring av nybyggarlivet blev Erik \u00f6veranstr\u00e4ngd och fick med hj\u00e4lp av Ester inta s\u00e4ngl\u00e4ge.<\/p>\n<p>&nbsp;<\/p>\n<p>&nbsp;<\/p>\n<p style=\"text-align: center;\"><strong>ST\u00c4MNINGSFULL KV\u00c4LL I ASPE\u00c5<\/strong><\/p>\n<p style=\"text-align: left;\">Aspe\u00e5: Omgivning v\u00e4der och rekvisita gav en st\u00e4mningsfull inramning till teatern &#8221;Nybyggarna Erik och Ester i lappskatteland&#8221;. Det var Roland Blomqvist och Bitten Sj\u00f6str\u00f6m fr\u00e5 Dorotea som \u00e5tergav tal och visor i folkton, nybyggarlivets strapatser och gl\u00e4dje\u00e4mnen, inf\u00f6r n\u00e4rmare 100 personer som s\u00f6kt sej till f\u00e4bodvallen. Bes\u00f6karna stannade kvar efter servering och lotterier och lyssnade till ett stort antal extra folkvisor.<\/p>\n<p style=\"text-align: left;\"><em>Rolf Holmgren V\u00e4sterbottens Kuriren 04-07-21<\/em><\/p>\n<p style=\"text-align: center;\"><strong><em>F\u00d6RSTA MAJ I KUBBE \/ NORRFL\u00c4RKE<\/em><\/strong><\/p>\n<p style=\"text-align: left;\">En solig f\u00f6rsta maj med konstrunda i Anundsj\u00f6 avslutades p\u00e5 Kubbe \/ Norrfl\u00e4rke bygdeg\u00e5rd med f\u00f6rest\u00e4llningen &#8221;Vitterhistorier, s\u00e5ng och spelgl\u00e4dje&#8221; som framf\u00f6rdes av H\u00e4stskoteatern. F\u00f6rest\u00e4llningen som b\u00f6rjade om Vittrernas uppkomst och fortsatte med en m\u00e4ngd olika historier om vitterkvinnor, kor som f\u00f6rsvinner och \u00e5terkommer hel, ren och nymj\u00f6lkade, &#8221;skr\u00f6mta&#8221; och skummiga l\u00f6ddriga h\u00e4star. Skogsfrun som \u00e4r h\u00e5rd p\u00e5 karlar men bed\u00e5rande vacker, \u00e5tminstone framifr\u00e5n, trollband publiken och glada skratt h\u00f6rdes n\u00e4r Bitten och Roland ber\u00e4ttade om bonden som skulle skjuta lappen, men inte kunde, eftersom en sp\u00e5gumma pissat rakt \u00f6ver T\u00e5sj\u00f6n och krutet blivit bl\u00f6tt.<\/p>\n<p style=\"text-align: left;\">Publiken fick ocks\u00e5 hj\u00e4lpa till n\u00e4r trollen kom p\u00e5 tal. I s\u00e5ngen om trollfesten sjunger Bitten och Roland om en 13-mans orkester och d\u00e5 \u00e4r det ju lite f\u00f6r f\u00e5 att bara vara tv\u00e5. Med peruker, musikinstrument och handklapp blev alla delaktiga i f\u00f6rest\u00e4llningen.<\/p>\n<p style=\"text-align: left;\">M\u00e5nga s\u00e5nger framf\u00f6rdes under kv\u00e4llen. allt fr\u00e5n &#8221;Visa i midsommartid&#8221; till &#8221;What shall we do with the drunken sailor&#8221;. Teatern avslutades st\u00e4mmningsfullt med att H\u00e4stskoteatern sj\u00f6ng en \u00f6nskan om att publiken skulle f\u00e5 en God natt och skulle Sova gott. Kv\u00e4llen avslutades sedan med ett uppskattat fika i matsalen<\/p>\n<p style=\"text-align: left;\"><em>Anna Rantala\u00a0\u00a0 \u00d6rnsk\u00f6ldsviks Allehanda<\/em><\/p>\n<p style=\"text-align: left;\"><strong><em>TEATER I SLUSSFORS SKOLA<\/em><\/strong><a href=\"http:\/\/hastskoteatern.se\/test\/wp-content\/uploads\/2011\/09\/slussfors1.jpg\"><img decoding=\"async\" loading=\"lazy\" class=\"size-full wp-image-733 aligncenter\" title=\"slussfors1\" src=\"http:\/\/hastskoteatern.se\/test\/wp-content\/uploads\/2011\/09\/slussfors1.jpg\" alt=\"\" width=\"425\" height=\"305\" srcset=\"http:\/\/hastskoteatern.se\/wp-content\/uploads\/2011\/09\/slussfors1.jpg 425w, http:\/\/hastskoteatern.se\/wp-content\/uploads\/2011\/09\/slussfors1-300x215.jpg 300w, http:\/\/hastskoteatern.se\/wp-content\/uploads\/2011\/09\/slussfors1-418x300.jpg 418w\" sizes=\"(max-width: 425px) 100vw, 425px\" \/><\/a>Teatergruppen H\u00e4stskoteatern bes\u00f6kte Slussfors skola och visade tv\u00e5 teaterf\u00f6rest\u00e4llningar, som blev mycket uppskattade av s\u00e5v\u00e4l barn som pesonalen.<\/p>\n<p style=\"text-align: left;\">F\u00f6rst visades &#8221;Tjopp och hennes v\u00e4nner&#8221; en musikteater d\u00e4r barnen fick m\u00f6ta den lilla sameflickan Tjopp.<\/p>\n<p style=\"text-align: left;\">Sedan visades &#8221;Nybyggarna Erik och Ester i lappskatteland&#8221;. En historisk musikalisk tillbakablick sedd genom v\u00e5r tids \u00f6gon.<\/p>\n<p style=\"text-align: left;\"><a href=\"http:\/\/hastskoteatern.se\/test\/wp-content\/uploads\/2011\/09\/slussfors2.jpg\"><img decoding=\"async\" loading=\"lazy\" class=\"aligncenter size-full wp-image-734\" title=\"slussfors2\" src=\"http:\/\/hastskoteatern.se\/test\/wp-content\/uploads\/2011\/09\/slussfors2.jpg\" alt=\"\" width=\"425\" height=\"259\" srcset=\"http:\/\/hastskoteatern.se\/wp-content\/uploads\/2011\/09\/slussfors2.jpg 425w, http:\/\/hastskoteatern.se\/wp-content\/uploads\/2011\/09\/slussfors2-300x182.jpg 300w\" sizes=\"(max-width: 425px) 100vw, 425px\" \/><\/a><\/p>\n<p>Sk\u00e5despelarna Bitten Sj\u00f6str\u00f6m och Roland Blomqvist var mycket duktiga b\u00e5de p\u00e5 att spela och sjunga.<\/p>\n<h1>Diverse l\u00e4nkar:<\/h1>\n<p><a href=\"http:\/\/www.storumanbyar.se\/index.asp?pageid=56371\">http:\/\/www.storumanbyar.se\/index.asp?pageid=56371<\/a><\/p>\n<p><a href=\"http:\/\/www.arjeplognytt.se\/modules.php?name=Content&amp;op=showcontent&amp;id=1944\">http:\/\/www.arjeplognytt.se\/modules.php?name=Content&amp;op=showcontent&amp;id=1944<\/a><\/p>\n<p>&nbsp;<\/p>\n<p>&nbsp;<\/p>\n<p>&nbsp;<\/p>\n<p>&nbsp;<\/p>\n","protected":false},"excerpt":{"rendered":"<p>Reportage fr\u00e5n Biblioteket i Sveg, 2017 &nbsp; TEATER I ULLBERGSTR\u00c4SK SKILDRADE NYBYGGE En historisk och f\u00e4ngslande skildring av koloniseringen av Sveriges nordligaste del, gavs n\u00e4r sommarens n\u00e4st sista kulturafton h\u00f6lls i Ullbergstr\u00e4sk.\u00a0Teaterstycket &#8221;Nybyggarna Erik och Ester i lappskatteland&#8221; uppf\u00f6rdes av &hellip; <a href=\"http:\/\/hastskoteatern.se\/?page_id=262\">L\u00e4s mer <span class=\"meta-nav\">&rarr;<\/span><\/a><\/p>\n","protected":false},"author":1,"featured_media":0,"parent":203,"menu_order":0,"comment_status":"open","ping_status":"open","template":"","meta":[],"_links":{"self":[{"href":"http:\/\/hastskoteatern.se\/index.php?rest_route=\/wp\/v2\/pages\/262"}],"collection":[{"href":"http:\/\/hastskoteatern.se\/index.php?rest_route=\/wp\/v2\/pages"}],"about":[{"href":"http:\/\/hastskoteatern.se\/index.php?rest_route=\/wp\/v2\/types\/page"}],"author":[{"embeddable":true,"href":"http:\/\/hastskoteatern.se\/index.php?rest_route=\/wp\/v2\/users\/1"}],"replies":[{"embeddable":true,"href":"http:\/\/hastskoteatern.se\/index.php?rest_route=%2Fwp%2Fv2%2Fcomments&post=262"}],"version-history":[{"count":23,"href":"http:\/\/hastskoteatern.se\/index.php?rest_route=\/wp\/v2\/pages\/262\/revisions"}],"predecessor-version":[{"id":2269,"href":"http:\/\/hastskoteatern.se\/index.php?rest_route=\/wp\/v2\/pages\/262\/revisions\/2269"}],"up":[{"embeddable":true,"href":"http:\/\/hastskoteatern.se\/index.php?rest_route=\/wp\/v2\/pages\/203"}],"wp:attachment":[{"href":"http:\/\/hastskoteatern.se\/index.php?rest_route=%2Fwp%2Fv2%2Fmedia&parent=262"}],"curies":[{"name":"wp","href":"https:\/\/api.w.org\/{rel}","templated":true}]}}