{"id":257,"date":"2011-09-25T13:46:07","date_gmt":"2011-09-25T13:46:07","guid":{"rendered":"http:\/\/hastskoteatern.se\/test\/?page_id=257"},"modified":"2011-10-11T15:39:34","modified_gmt":"2011-10-11T15:39:34","slug":"kulturstipendium","status":"publish","type":"page","link":"http:\/\/hastskoteatern.se\/?page_id=257","title":{"rendered":"Kulturstipendium"},"content":{"rendered":"<p style=\"text-align: justify;\">\u00a0\u00a0\u00a0\u00a0\u00a0\u00a0\u00a0\u00a0\u00a0\u00a0\u00a0\u00a0 <a href=\"http:\/\/hastskoteatern.se\/test\/wp-content\/uploads\/2011\/09\/hastsko2-150x1508.gif\"><img decoding=\"async\" loading=\"lazy\" class=\"alignleft size-full wp-image-400\" title=\"hastsko2-150x150\" src=\"http:\/\/hastskoteatern.se\/test\/wp-content\/uploads\/2011\/09\/hastsko2-150x1508.gif\" alt=\"\" width=\"150\" height=\"150\" \/><\/a>\u00a0\u00a0\u00a0\u00a0\u00a0\u00a0\u00a0\u00a0\u00a0\u00a0\u00a0\u00a0\u00a0\u00a0\u00a0\u00a0\u00a0\u00a0\u00a0\u00a0\u00a0\u00a0\u00a0\u00a0\u00a0\u00a0\u00a0\u00a0\u00a0\u00a0\u00a0\u00a0\u00a0\u00a0\u00a0\u00a0<\/p>\n<p>&nbsp;<\/p>\n<p><strong><em>H\u00c4STSKOTEATERN TILLDELAS DOROTEAS KULTURSTIPENDIUM 2004<\/em><\/strong><\/p>\n<p><strong><em><\/em><\/strong>\u00a0<\/p>\n<p><a href=\"http:\/\/hastskoteatern.se\/test\/wp-content\/uploads\/2011\/09\/stipendium-20043.jpg\"><img decoding=\"async\" loading=\"lazy\" class=\"aligncenter size-full wp-image-566\" title=\"stipendium-2004\" src=\"http:\/\/hastskoteatern.se\/test\/wp-content\/uploads\/2011\/09\/stipendium-20043.jpg\" alt=\"\" width=\"500\" height=\"375\" srcset=\"http:\/\/hastskoteatern.se\/wp-content\/uploads\/2011\/09\/stipendium-20043.jpg 500w, http:\/\/hastskoteatern.se\/wp-content\/uploads\/2011\/09\/stipendium-20043-300x225.jpg 300w, http:\/\/hastskoteatern.se\/wp-content\/uploads\/2011\/09\/stipendium-20043-400x300.jpg 400w\" sizes=\"(max-width: 500px) 100vw, 500px\" \/><\/a><\/p>\n<p style=\"text-align: center;\">\u00a0<strong>Motivering:<\/strong><\/p>\n<p style=\"text-align: center;\"><strong>&#8221;<em>F\u00f6r ett \u00e4kta engagemang i en kulturg\u00e4rning som k\u00e4nnetecknas av s\u00e5v\u00e4l bredd och djup som historia&#8221;<\/em><\/strong><\/p>\n<p style=\"text-align: center;\"><strong>Dorotea Kommun Kultur och Utbildningsn\u00e4mnden<\/strong><\/p>\n<h1 style=\"text-align: left;\">\u00a0<\/h1>\n<p style=\"text-align: left;\"><strong>TEATERENTUSIASTER F\u00c5R STIPENDIUM\u00a0\u00a0\u00a0 <\/strong><em>Dorotea VF<\/em><\/p>\n<p style=\"text-align: left;\">Det var en enig kultur och utbildningsn\u00e4mnd i dorotea som besl\u00f6t att ge \u00e5rets kulturstipendium till Roland Blomqvist och Bitten Sj\u00f6str\u00f6m &#8211; H\u00e4stskoteatern.<\/p>\n<p style=\"text-align: left;\">Roland Blomqvist, Avatr\u00e4sk och Bitten sj\u00f6str\u00f6m, Ormsj\u00f6 f\u00e5r \u00e5rets kulturstipendium i Dorotea. Utdelningen av stipendiet sker vid spelmansst\u00e4mman p\u00e5 \u00c5terv\u00e4ndardagarna i sommar. Roland Blomqvist och Bitten sj\u00f6str\u00f6m \u00e4r verkliga eldsj\u00e4lar och kulturb\u00e4rare med bred verksamhet. De startade med barnteater och har numera \u00e4ven f\u00f6rest\u00e4llningar f\u00f6r vuxna. De \u00e5ker runt och ger f\u00f6rest\u00e4llningar i V\u00e4sterbotten, J\u00e4mtland och V\u00e4sternorrland.<\/p>\n<p style=\"text-align: left;\">I\u00a0sommar har de minst \u00e5tta engagemang hos bygdeg\u00e5rdar och intressef\u00f6reningar med f\u00f6rest\u00e4llningen &#8221;Nybyggarna Erik och Ester i lappskatteland&#8221;- En musikalisk och historisk skildring sedd genom v\u00e5r tids \u00f6gon. Andra\u00a0popul\u00e4ra upps\u00e4ttningar \u00e4r &#8221;Teddy och Teddy-Linas 100-\u00e5rs kalas&#8221;, &#8221;Skomakaren och hans m\u00e4rkliga kunder&#8221;\u00a0och &#8221;Mellan hav och fj\u00e4ll&#8221;- En resa med j\u00e4rnv\u00e4g fr\u00e5n fj\u00e4llen i Lappland tii Sk\u00e5ne. Dessutom bjuder de p\u00e5 dans och underh\u00e5llningsprogram.<\/p>\n<p style=\"text-align: left;\">KERSTIN S\u00d6DERSTR\u00d6M\u00a0 <em>V\u00e4sterbottens Folkblad<\/em><\/p>\n<p style=\"text-align: left;\"><em><\/em>\u00a0<\/p>\n<p style=\"text-align: left;\"><strong><\/strong>\u00a0<\/p>\n","protected":false},"excerpt":{"rendered":"<p>\u00a0\u00a0\u00a0\u00a0\u00a0\u00a0\u00a0\u00a0\u00a0\u00a0\u00a0\u00a0 \u00a0\u00a0\u00a0\u00a0\u00a0\u00a0\u00a0\u00a0\u00a0\u00a0\u00a0\u00a0\u00a0\u00a0\u00a0\u00a0\u00a0\u00a0\u00a0\u00a0\u00a0\u00a0\u00a0\u00a0\u00a0\u00a0\u00a0\u00a0\u00a0\u00a0\u00a0\u00a0\u00a0\u00a0\u00a0\u00a0 &nbsp; H\u00c4STSKOTEATERN TILLDELAS DOROTEAS KULTURSTIPENDIUM 2004 \u00a0 \u00a0Motivering: &#8221;F\u00f6r ett \u00e4kta engagemang i en kulturg\u00e4rning som k\u00e4nnetecknas av s\u00e5v\u00e4l bredd och djup som historia&#8221; Dorotea Kommun Kultur och Utbildningsn\u00e4mnden \u00a0 TEATERENTUSIASTER F\u00c5R STIPENDIUM\u00a0\u00a0\u00a0 Dorotea VF Det var en &hellip; <a href=\"http:\/\/hastskoteatern.se\/?page_id=257\">L\u00e4s mer <span class=\"meta-nav\">&rarr;<\/span><\/a><\/p>\n","protected":false},"author":1,"featured_media":0,"parent":203,"menu_order":0,"comment_status":"open","ping_status":"open","template":"","meta":[],"_links":{"self":[{"href":"http:\/\/hastskoteatern.se\/index.php?rest_route=\/wp\/v2\/pages\/257"}],"collection":[{"href":"http:\/\/hastskoteatern.se\/index.php?rest_route=\/wp\/v2\/pages"}],"about":[{"href":"http:\/\/hastskoteatern.se\/index.php?rest_route=\/wp\/v2\/types\/page"}],"author":[{"embeddable":true,"href":"http:\/\/hastskoteatern.se\/index.php?rest_route=\/wp\/v2\/users\/1"}],"replies":[{"embeddable":true,"href":"http:\/\/hastskoteatern.se\/index.php?rest_route=%2Fwp%2Fv2%2Fcomments&post=257"}],"version-history":[{"count":7,"href":"http:\/\/hastskoteatern.se\/index.php?rest_route=\/wp\/v2\/pages\/257\/revisions"}],"predecessor-version":[{"id":401,"href":"http:\/\/hastskoteatern.se\/index.php?rest_route=\/wp\/v2\/pages\/257\/revisions\/401"}],"up":[{"embeddable":true,"href":"http:\/\/hastskoteatern.se\/index.php?rest_route=\/wp\/v2\/pages\/203"}],"wp:attachment":[{"href":"http:\/\/hastskoteatern.se\/index.php?rest_route=%2Fwp%2Fv2%2Fmedia&parent=257"}],"curies":[{"name":"wp","href":"https:\/\/api.w.org\/{rel}","templated":true}]}}