{"id":142,"date":"2011-09-18T08:56:26","date_gmt":"2011-09-18T08:56:26","guid":{"rendered":"http:\/\/hastskoteatern.se\/test\/?page_id=142"},"modified":"2025-12-29T09:13:14","modified_gmt":"2025-12-29T09:13:14","slug":"folkkara-visor-och-gamla-skillingtryck","status":"publish","type":"page","link":"http:\/\/hastskoteatern.se\/?page_id=142","title":{"rendered":"&#8221;Folkk\u00e4ra visor och gamla skillingtryck&#8221;"},"content":{"rendered":"\n<p><strong>OBS! Ej bokningsbar.<\/strong><\/p>\n\n\n<p><strong>\u00a0\u00a0\u00a0\u00a0\u00a0\u00a0\u00a0\u00a0\u00a0\u00a0\u00a0\u00a0\u00a0\u00a0\u00a0\u00a0\u00a0\u00a0\u00a0\u00a0<\/strong><\/p>\n<p><strong><a href=\"http:\/\/hastskoteatern.se\/test\/wp-content\/uploads\/2011\/09\/hastsko2-150x1502.gif\"><img decoding=\"async\" loading=\"lazy\" class=\"alignleft size-full wp-image-339\" title=\"hastsko2-150x150\" src=\"http:\/\/hastskoteatern.se\/test\/wp-content\/uploads\/2011\/09\/hastsko2-150x1502.gif\" alt=\"\" width=\"150\" height=\"150\" \/><\/a>&#8221;<em>FOLKK\u00c4RA VISOR OCH GAMLA SKILLINGTRYCK&#8221;<\/em><\/strong><\/p>\n<p><img decoding=\"async\" loading=\"lazy\" class=\"alignleft size-medium wp-image-177\" title=\"Folkk\u00e4ra fix 2\" src=\"http:\/\/hastskoteatern.se\/wp-content\/uploads\/2011\/09\/Folkk\u00e4ra-fix-2-300x225.jpg\" alt=\"\" width=\"300\" height=\"225\" srcset=\"http:\/\/hastskoteatern.se\/wp-content\/uploads\/2011\/09\/Folkk\u00e4ra-fix-2-300x225.jpg 300w, http:\/\/hastskoteatern.se\/wp-content\/uploads\/2011\/09\/Folkk\u00e4ra-fix-2-1024x768.jpg 1024w, http:\/\/hastskoteatern.se\/wp-content\/uploads\/2011\/09\/Folkk\u00e4ra-fix-2-400x300.jpg 400w, http:\/\/hastskoteatern.se\/wp-content\/uploads\/2011\/09\/Folkk\u00e4ra-fix-2.jpg 2048w\" sizes=\"(max-width: 300px) 100vw, 300px\" \/><\/p>\n<p><strong>Visor fr\u00e5n kolmilan och timmerkojan, blandas med dramatiska inslag om b\u00e5de gubbar och gummor&#8230;.<\/strong><\/p>\n<p><a href=\"http:\/\/hastskoteatern.se\/test\/wp-content\/uploads\/2011\/09\/folkk\u00e4ra-007.jpg\"><img decoding=\"async\" loading=\"lazy\" class=\"alignright size-medium wp-image-182\" title=\"folkk\u00e4ra 007\" src=\"http:\/\/hastskoteatern.se\/test\/wp-content\/uploads\/2011\/09\/folkk\u00e4ra-007-300x225.jpg\" alt=\"\" width=\"262\" height=\"211\" \/><\/a><\/p>\n<p><strong>Visor till gitarr, visor A cappella, dramatiserade visor, visor vi sjunger tillsammans i alls\u00e5ng, k\u00e4nda \u00f6rh\u00e4ngen fr\u00e5n f\u00f6rr&#8230;.<\/strong><\/p>\n<p><a href=\"http:\/\/hastskoteatern.se\/test\/wp-content\/uploads\/2011\/09\/folkk\u00e4ra-0103.jpg\"><img decoding=\"async\" loading=\"lazy\" class=\"alignleft size-medium wp-image-190\" title=\"folkk\u00e4ra 010\" src=\"http:\/\/hastskoteatern.se\/test\/wp-content\/uploads\/2011\/09\/folkk\u00e4ra-0103-225x300.jpg\" alt=\"\" width=\"225\" height=\"300\" srcset=\"http:\/\/hastskoteatern.se\/wp-content\/uploads\/2011\/09\/folkk\u00e4ra-0103-225x300.jpg 225w, http:\/\/hastskoteatern.se\/wp-content\/uploads\/2011\/09\/folkk\u00e4ra-0103-768x1024.jpg 768w, http:\/\/hastskoteatern.se\/wp-content\/uploads\/2011\/09\/folkk\u00e4ra-0103.jpg 1536w\" sizes=\"(max-width: 225px) 100vw, 225px\" \/><\/a><\/p>\n<p><a href=\"http:\/\/hastskoteatern.se\/test\/wp-content\/uploads\/2011\/09\/folkk\u00e4ra-0121.jpg\"><img decoding=\"async\" loading=\"lazy\" class=\"alignright size-medium wp-image-191\" title=\"folkk\u00e4ra 012\" src=\"http:\/\/hastskoteatern.se\/test\/wp-content\/uploads\/2011\/09\/folkk\u00e4ra-0121-300x225.jpg\" alt=\"\" width=\"252\" height=\"184\" \/><\/a><\/p>\n<p style=\"text-align: left;\"><strong>Visor om frihet, k\u00e4rlek, avundsjuka och d\u00f6d.<\/strong><\/p>\n<p style=\"text-align: left;\"><strong>Visor fr\u00e5n sj\u00f6n och skogen.<\/strong><\/p>\n<p style=\"text-align: left;\"><strong>\u00a0\u00a0\u00a0\u00a0\u00a0\u00a0\u00a0\u00a0\u00a0\u00a0\u00a0\u00a0\u00a0\u00a0\u00a0\u00a0\u00a0\u00a0\u00a0\u00a0\u00a0\u00a0\u00a0\u00a0\u00a0\u00a0\u00a0\u00a0\u00a0\u00a0\u00a0\u00a0\u00a0\u00a0\u00a0\u00a0\u00a0\u00a0\u00a0\u00a0\u00a0\u00a0\u00a0\u00a0\u00a0\u00a0\u00a0\u00a0\u00a0\u00a0\u00a0\u00a0\u00a0\u00a0\u00a0\u00a0\u00a0\u00a0\u00a0\u00a0\u00a0\u00a0\u00a0\u00a0\u00a0\u00a0\u00a0 Visor fr\u00e5n v\u00e5r ungdom.<\/strong>\u00a0<strong>\u00a0\u00a0\u00a0\u00a0\u00a0\u00a0\u00a0\u00a0\u00a0\u00a0\u00a0\u00a0\u00a0\u00a0\u00a0\u00a0\u00a0\u00a0\u00a0\u00a0\u00a0 <\/strong><\/p>\n<p>\u00a0<a href=\"http:\/\/hastskoteatern.se\/?attachment_id=193\" rel=\"attachment wp-att-193\"><img decoding=\"async\" loading=\"lazy\" class=\"alignright size-medium wp-image-193\" title=\"Gr\u00f6n flagg Vt 201\" src=\"http:\/\/hastskoteatern.se\/wp-content\/uploads\/2011\/09\/Gr\u00f6n-flagg-Vt-201-300x225.jpg\" alt=\"\" width=\"300\" height=\"225\" srcset=\"http:\/\/hastskoteatern.se\/wp-content\/uploads\/2011\/09\/Gr\u00f6n-flagg-Vt-201-300x225.jpg 300w, http:\/\/hastskoteatern.se\/wp-content\/uploads\/2011\/09\/Gr\u00f6n-flagg-Vt-201-400x300.jpg 400w, http:\/\/hastskoteatern.se\/wp-content\/uploads\/2011\/09\/Gr\u00f6n-flagg-Vt-201.jpg 640w\" sizes=\"(max-width: 300px) 100vw, 300px\" \/><\/a><\/p>\n<p><strong>Visor om heml\u00e4ngtan&#8230;<\/strong><\/p>\n<p><strong>\u00a0\u00a0\u00a0\u00a0\u00a0<\/strong><\/p>\n<p><strong>F\u00f6rest\u00e4llningsfakta:<\/strong><\/p>\n<ul>\n<li><strong>Manus regi och scenografi:\u00a0\u00a0\u00a0\u00a0\u00a0\u00a0\u00a0\u00a0\u00a0\u00a0\u00a0\u00a0\u00a0\u00a0\u00a0\u00a0\u00a0\u00a0\u00a0\u00a0\u00a0Roland Blomqvist, Bitten Sj\u00f6str\u00f6m<\/strong><\/li>\n<\/ul>","protected":false},"excerpt":{"rendered":"<p>OBS! Ej bokningsbar. \u00a0\u00a0\u00a0\u00a0\u00a0\u00a0\u00a0\u00a0\u00a0\u00a0\u00a0\u00a0\u00a0\u00a0\u00a0\u00a0\u00a0\u00a0\u00a0\u00a0 &#8221;FOLKK\u00c4RA VISOR OCH GAMLA SKILLINGTRYCK&#8221; Visor fr\u00e5n kolmilan och timmerkojan, blandas med dramatiska inslag om b\u00e5de gubbar och gummor&#8230;. Visor till gitarr, visor A cappella, dramatiserade visor, visor vi sjunger tillsammans i alls\u00e5ng, k\u00e4nda \u00f6rh\u00e4ngen fr\u00e5n &hellip; <a href=\"http:\/\/hastskoteatern.se\/?page_id=142\">L\u00e4s mer <span class=\"meta-nav\">&rarr;<\/span><\/a><\/p>\n","protected":false},"author":1,"featured_media":0,"parent":23,"menu_order":0,"comment_status":"open","ping_status":"open","template":"","meta":[],"_links":{"self":[{"href":"http:\/\/hastskoteatern.se\/index.php?rest_route=\/wp\/v2\/pages\/142"}],"collection":[{"href":"http:\/\/hastskoteatern.se\/index.php?rest_route=\/wp\/v2\/pages"}],"about":[{"href":"http:\/\/hastskoteatern.se\/index.php?rest_route=\/wp\/v2\/types\/page"}],"author":[{"embeddable":true,"href":"http:\/\/hastskoteatern.se\/index.php?rest_route=\/wp\/v2\/users\/1"}],"replies":[{"embeddable":true,"href":"http:\/\/hastskoteatern.se\/index.php?rest_route=%2Fwp%2Fv2%2Fcomments&post=142"}],"version-history":[{"count":33,"href":"http:\/\/hastskoteatern.se\/index.php?rest_route=\/wp\/v2\/pages\/142\/revisions"}],"predecessor-version":[{"id":3380,"href":"http:\/\/hastskoteatern.se\/index.php?rest_route=\/wp\/v2\/pages\/142\/revisions\/3380"}],"up":[{"embeddable":true,"href":"http:\/\/hastskoteatern.se\/index.php?rest_route=\/wp\/v2\/pages\/23"}],"wp:attachment":[{"href":"http:\/\/hastskoteatern.se\/index.php?rest_route=%2Fwp%2Fv2%2Fmedia&parent=142"}],"curies":[{"name":"wp","href":"https:\/\/api.w.org\/{rel}","templated":true}]}}